{"id":690,"date":"2018-05-23T06:21:50","date_gmt":"2018-05-23T06:21:50","guid":{"rendered":"http:\/\/rarathemesdemo.com\/elegant-portfolio\/?page_id=23"},"modified":"2021-08-09T22:15:14","modified_gmt":"2021-08-09T22:15:14","slug":"somos-itc","status":"publish","type":"page","link":"https:\/\/tienda.itc.ec\/?page_id=690","title":{"rendered":"Somos iTC Store"},"content":{"rendered":"<p>Nuestra idea es clara y lo que buscamos es dar seguridad a nuestros clientes. La Confianza se genera en base a una experiencia de m\u00e1s de 20 a\u00f1os que nos permite dar Asesor\u00eda y ofrecer la mayor variedad de Productos para que siempre elijas la mejor opci\u00f3n seg\u00fan tus requerimientos y presupuesto.<\/p>\n\n\n<p><\/p>\n","protected":false},"excerpt":{"rendered":"<p>Nuestra idea es clara y lo que buscamos es dar seguridad a nuestros clientes. La Confianza se genera en base a una experiencia de m\u00e1s de 20 a\u00f1os que nos permite dar Asesor\u00eda y ofrecer la mayor variedad de Productos para que siempre elijas la mejor opci\u00f3n seg\u00fan tus requerimientos y presupuesto.<\/p>\n","protected":false},"author":1,"featured_media":900,"parent":0,"menu_order":0,"comment_status":"closed","ping_status":"closed","template":"","meta":{"footnotes":""},"class_list":["post-690","page","type-page","status-publish","has-post-thumbnail","hentry","latest_post","grid-sizer"],"_links":{"self":[{"href":"https:\/\/tienda.itc.ec\/index.php?rest_route=\/wp\/v2\/pages\/690","targetHints":{"allow":["GET"]}}],"collection":[{"href":"https:\/\/tienda.itc.ec\/index.php?rest_route=\/wp\/v2\/pages"}],"about":[{"href":"https:\/\/tienda.itc.ec\/index.php?rest_route=\/wp\/v2\/types\/page"}],"author":[{"embeddable":true,"href":"https:\/\/tienda.itc.ec\/index.php?rest_route=\/wp\/v2\/users\/1"}],"replies":[{"embeddable":true,"href":"https:\/\/tienda.itc.ec\/index.php?rest_route=%2Fwp%2Fv2%2Fcomments&post=690"}],"version-history":[{"count":3,"href":"https:\/\/tienda.itc.ec\/index.php?rest_route=\/wp\/v2\/pages\/690\/revisions"}],"predecessor-version":[{"id":1838,"href":"https:\/\/tienda.itc.ec\/index.php?rest_route=\/wp\/v2\/pages\/690\/revisions\/1838"}],"wp:featuredmedia":[{"embeddable":true,"href":"https:\/\/tienda.itc.ec\/index.php?rest_route=\/wp\/v2\/media\/900"}],"wp:attachment":[{"href":"https:\/\/tienda.itc.ec\/index.php?rest_route=%2Fwp%2Fv2%2Fmedia&parent=690"}],"curies":[{"name":"wp","href":"https:\/\/api.w.org\/{rel}","templated":true}]}}